{"id":2,"date":"2019-02-17T12:40:02","date_gmt":"2019-02-17T11:40:02","guid":{"rendered":"http:\/\/freshairaircleaner.de\/?page_id=2"},"modified":"2021-07-14T10:50:02","modified_gmt":"2021-07-14T08:50:02","slug":"home","status":"publish","type":"page","link":"https:\/\/freshairaircleaner.de\/","title":{"rendered":"Home"},"content":{"rendered":"\n<div class=\"wp-block-columns\">\n<div class=\"wp-block-column\" style=\"flex-basis:100%\">\n<div class=\"wp-block-columns\">\n<div class=\"wp-block-column is-vertically-aligned-center\" style=\"flex-basis:80%\">\n<p class=\"has-text-align-left has-very-dark-gray-color has-text-color has-medium-font-size\"><br><strong>Geruchsneutralisation<\/strong> und <strong>Entkeimung<\/strong> von Raumluft und Oberfl\u00e4chen<br>Keimreduzierung durch UV-C-\/Ozon-Lampen<\/p>\n<\/div>\n\n\n\n<div class=\"wp-block-column\" style=\"flex-basis:20%\">\n<div class=\"wp-block-image\"><figure class=\"alignright size-large is-resized\"><img loading=\"lazy\" src=\"https:\/\/freshairaircleaner.de\/wp-content\/uploads\/2021\/07\/FI_Button.png\" alt=\"\" class=\"wp-image-595\" width=\"155\" height=\"155\" srcset=\"https:\/\/freshairaircleaner.de\/wp-content\/uploads\/2021\/07\/FI_Button.png 200w, https:\/\/freshairaircleaner.de\/wp-content\/uploads\/2021\/07\/FI_Button-150x150.png 150w\" sizes=\"(max-width: 155px) 100vw, 155px\" \/><\/figure><\/div>\n<\/div>\n<\/div>\n<\/div>\n<\/div>\n\n\n\n<p class=\"has-medium-font-size\"><strong>Eigenschaften<\/strong><\/p>\n\n\n\n<ul><li><span class=\"has-inline-color has-black-color\">Raumluft-Reinigungsger\u00e4t f\u00fcr keimbelastete oder riechende Luft in Wohn- und Arbeitsr\u00e4umen<\/span><\/li><li><span class=\"has-inline-color has-black-color\">Vernichtet effektiv Bakterien, Viren, Hefen und Schimmelsporen in der Luft und auf Oberfl\u00e4chen<\/span><\/li><li><span class=\"has-inline-color has-black-color\">Unabh\u00e4ngig von der Geb\u00e4udel\u00fcftung<\/span><\/li><li><span class=\"has-inline-color has-black-color\">Mobil einsetzbar, Decken- oder Wandmontage m\u00f6glich<\/span><\/li><li><span class=\"has-inline-color has-black-color\">Alle Bauteile uv- und ozonbest\u00e4ndig<\/span><\/li><li><span class=\"has-inline-color has-black-color\">Keine Strahlenlast au\u00dferhalb des Ger\u00e4tes, f\u00fcr Produkte, Tiere und Menschen unbedenklich<\/span><\/li><li><span class=\"has-inline-color has-black-color\">T\u00dcV-gepr\u00fcft, CE-gekennzeichnet<\/span><\/li><\/ul>\n\n\n\n<p class=\"has-medium-font-size\"><strong>Anwendungsbereiche<\/strong><\/p>\n\n\n\n<ul><li><span class=\"has-inline-color has-black-color\">Keimbelastete Wohnr\u00e4ume<\/span><\/li><li><span class=\"has-inline-color has-black-color\">Arztpraxen, Wartezimmer, Allergikerzimmer, Diabetikerzimmer<\/span><\/li><li><span class=\"has-inline-color has-black-color\">Toilettenr\u00e4ume<\/span><\/li><li><span class=\"has-inline-color has-black-color\">Wohnwagen, Yachten im Winterlager<\/span><\/li><li><span class=\"has-inline-color has-black-color\">Fitnesscenter, Solarien, W\u00e4schereien, Friseursalons<\/span><\/li><li><span class=\"has-inline-color has-black-color\">Abfallr\u00e4ume, Krematorien<\/span><\/li><li><span class=\"has-inline-color has-black-color\">Container<\/span><\/li><li><span class=\"has-inline-color has-black-color\">Tierzucht<\/span><\/li><li><span class=\"has-inline-color has-black-color\">Raucherzimmer<\/span><\/li><\/ul>\n","protected":false},"excerpt":{"rendered":"<p>Geruchsneutralisation und Entkeimung von Raumluft und Oberfl\u00e4chenKeimreduzierung durch UV-C-\/Ozon-Lampen Eigenschaften Raumluft-Reinigungsger\u00e4t f\u00fcr keimbelastete oder riechende Luft in Wohn- und Arbeitsr\u00e4umen Vernichtet effektiv Bakterien, Viren, Hefen und Schimmelsporen in der Luft und auf Oberfl\u00e4chen Unabh\u00e4ngig von der Geb\u00e4udel\u00fcftung Mobil einsetzbar, Decken- oder Wandmontage m\u00f6glich Alle Bauteile uv- und ozonbest\u00e4ndig Keine Strahlenlast au\u00dferhalb des Ger\u00e4tes, f\u00fcr Produkte, [&hellip;]<\/p>\n","protected":false},"author":1,"featured_media":0,"parent":0,"menu_order":0,"comment_status":"closed","ping_status":"closed","template":"","meta":[],"_links":{"self":[{"href":"https:\/\/freshairaircleaner.de\/index.php\/wp-json\/wp\/v2\/pages\/2"}],"collection":[{"href":"https:\/\/freshairaircleaner.de\/index.php\/wp-json\/wp\/v2\/pages"}],"about":[{"href":"https:\/\/freshairaircleaner.de\/index.php\/wp-json\/wp\/v2\/types\/page"}],"author":[{"embeddable":true,"href":"https:\/\/freshairaircleaner.de\/index.php\/wp-json\/wp\/v2\/users\/1"}],"replies":[{"embeddable":true,"href":"https:\/\/freshairaircleaner.de\/index.php\/wp-json\/wp\/v2\/comments?post=2"}],"version-history":[{"count":49,"href":"https:\/\/freshairaircleaner.de\/index.php\/wp-json\/wp\/v2\/pages\/2\/revisions"}],"predecessor-version":[{"id":607,"href":"https:\/\/freshairaircleaner.de\/index.php\/wp-json\/wp\/v2\/pages\/2\/revisions\/607"}],"wp:attachment":[{"href":"https:\/\/freshairaircleaner.de\/index.php\/wp-json\/wp\/v2\/media?parent=2"}],"curies":[{"name":"wp","href":"https:\/\/api.w.org\/{rel}","templated":true}]}}